{"id":147,"date":"2025-09-10T16:57:27","date_gmt":"2025-09-10T16:57:27","guid":{"rendered":"https:\/\/www.drkraus.ch\/?page_id=147"},"modified":"2025-10-03T16:55:22","modified_gmt":"2025-10-03T14:55:22","slug":"contatto","status":"publish","type":"page","link":"https:\/\/www.drkraus.ch\/it\/contatto\/","title":{"rendered":"Contatto"},"content":{"rendered":"\t\t<div data-elementor-type=\"wp-page\" data-elementor-id=\"147\" class=\"elementor elementor-147\" data-elementor-post-type=\"page\">\n\t\t\t\t<div class=\"elementor-element elementor-element-745e559 e-flex e-con-boxed e-con e-parent\" data-id=\"745e559\" data-element_type=\"container\" data-e-type=\"container\">\n\t\t\t\t\t<div class=\"e-con-inner\">\n\t\t<div class=\"elementor-element elementor-element-41fc319 e-con-full e-flex e-con e-child\" data-id=\"41fc319\" data-element_type=\"container\" data-e-type=\"container\">\n\t\t\t\t<div class=\"elementor-element elementor-element-46dc32e elementor-widget elementor-widget-heading\" data-id=\"46dc32e\" data-element_type=\"widget\" data-e-type=\"widget\" data-widget_type=\"heading.default\">\n\t\t\t\t\t<h1 class=\"elementor-heading-title elementor-size-default\">Dr. Kraus<br>\nStudio dentistico<br>\npolispecialistico<\/h1>\t\t\t\t<\/div>\n\t\t\t\t<\/div>\n\t\t<div class=\"elementor-element elementor-element-c06baf8 e-con-full e-flex e-con e-child\" data-id=\"c06baf8\" data-element_type=\"container\" data-e-type=\"container\">\n\t\t\t\t<div class=\"elementor-element elementor-element-a6cd884 elementor-widget elementor-widget-heading\" data-id=\"a6cd884\" data-element_type=\"widget\" data-e-type=\"widget\" data-widget_type=\"heading.default\">\n\t\t\t\t\t<div class=\"elementor-heading-title elementor-size-default\"><a href=\"tel:+410919226322\"><span class=\"un\">T +41 (0)91 922 63 22<\/span><\/a><\/div>\t\t\t\t<\/div>\n\t\t\t\t<div class=\"elementor-element elementor-element-bd2e31b elementor-widget elementor-widget-heading\" data-id=\"bd2e31b\" data-element_type=\"widget\" data-e-type=\"widget\" data-widget_type=\"heading.default\">\n\t\t\t\t\t<div class=\"elementor-heading-title elementor-size-default\"><a href=\"https:\/\/www.drkraus.ch\/contatto\/#urgenze\"><span class=\"un\">Urgenze \u2192<\/span><\/a><\/div>\t\t\t\t<\/div>\n\t\t\t\t<\/div>\n\t\t\t\t\t<\/div>\n\t\t\t\t<\/div>\n\t\t<div class=\"elementor-element elementor-element-144e33f e-flex e-con-boxed e-con e-parent\" data-id=\"144e33f\" data-element_type=\"container\" data-e-type=\"container\">\n\t\t\t\t\t<div class=\"e-con-inner\">\n\t\t\t\t<div class=\"elementor-element elementor-element-df7a7f9 elementor-widget elementor-widget-heading\" data-id=\"df7a7f9\" data-element_type=\"widget\" data-e-type=\"widget\" data-widget_type=\"heading.default\">\n\t\t\t\t\t<h1 class=\"elementor-heading-title elementor-size-default\">Contatto<\/h1>\t\t\t\t<\/div>\n\t\t<div class=\"elementor-element elementor-element-8dbe888 e-con-full e-flex e-con e-child\" data-id=\"8dbe888\" data-element_type=\"container\" data-e-type=\"container\">\n\t\t<div class=\"elementor-element elementor-element-3a2e476 e-con-full e-flex e-con e-child\" data-id=\"3a2e476\" data-element_type=\"container\" data-e-type=\"container\">\n\t\t\t\t<div class=\"elementor-element elementor-element-749bbc4 elementor-widget elementor-widget-heading\" data-id=\"749bbc4\" data-element_type=\"widget\" data-e-type=\"widget\" data-widget_type=\"heading.default\">\n\t\t\t\t\t<p class=\"elementor-heading-title elementor-size-default\">Dr. Kraus<br>\nStudio dentistico polispecialistico<br>\nVia Lucchini 6<br>\n6900 Lugano<br>\n<a href=\"https:\/\/goo.gl\/maps\/nok8m4YmXNtWLotMA\" target=\"_blank\" rel=\"noopener\"><span class=\"un\">Mappa \u2192<\/span><\/a><\/p>\t\t\t\t<\/div>\n\t\t\t\t<div class=\"elementor-element elementor-element-2d76e33 elementor-widget elementor-widget-heading\" data-id=\"2d76e33\" data-element_type=\"widget\" data-e-type=\"widget\" data-widget_type=\"heading.default\">\n\t\t\t\t\t<div class=\"elementor-heading-title elementor-size-default\"><a href=\"tel:+410919226322\"><span class=\"un\">T +41 (0)91 922 63 22<\/span><\/a><\/div>\t\t\t\t<\/div>\n\t\t\t\t<div class=\"elementor-element elementor-element-8ceea8a elementor-widget elementor-widget-heading\" data-id=\"8ceea8a\" data-element_type=\"widget\" data-e-type=\"widget\" data-widget_type=\"heading.default\">\n\t\t\t\t\t<div class=\"elementor-heading-title elementor-size-default\"><a href=\"mailto:info@drkraus.ch\"><span class=\"un\">info@drkraus.ch<\/span><\/a><\/div>\t\t\t\t<\/div>\n\t\t\t\t<div class=\"elementor-element elementor-element-b485f97 elementor-widget elementor-widget-heading\" data-id=\"b485f97\" data-element_type=\"widget\" data-e-type=\"widget\" data-widget_type=\"heading.default\">\n\t\t\t\t\t<div class=\"elementor-heading-title elementor-size-default\"><a href=\"https:\/\/booking.denteo.com\/it\/c3e5c4d694f8286a6aa32d9cae265e4e\/locations\/1\" target=\"_blank\" rel=\"noopener\"><span class=\"un\">Prenotazione online \u2192<\/span><\/a><\/div>\t\t\t\t<\/div>\n\t\t\t\t<\/div>\n\t\t<div class=\"elementor-element elementor-element-e205d55 e-con-full e-flex e-con e-child\" data-id=\"e205d55\" data-element_type=\"container\" data-e-type=\"container\">\n\t\t\t\t<div class=\"elementor-element elementor-element-f1862aa elementor-widget elementor-widget-text-editor\" data-id=\"f1862aa\" data-element_type=\"widget\" data-e-type=\"widget\" data-widget_type=\"text-editor.default\">\n\t\t\t\t\t\t\t\t\t<p>Orari d&#8217;apertura:<br \/>Luned\u00ec, Mecoled\u00ec, Venerd\u00ec: 08:00 &#8211; 17:30<br \/>Marted\u00ec: 08:00 &#8211; 19:00<br \/>Gioved\u00ec: 07:30 &#8211; 17:30<br \/><br \/><\/p><p>Rispondiamo alle vostre chiamate dalle\u00a08:00 alle 12:00 e dalle 14:00 alle 16:00\u00a0<\/p><p><br \/>Parcheggio pubblico:<br \/>\u00abAutosilo Palazzo dei Congressi\u00bb.<br \/>Lo studio \u00e9 poi raggiungibile a piedi in soli 2 minuti.<\/p>\t\t\t\t\t\t\t\t<\/div>\n\t\t<div class=\"elementor-element elementor-element-a7224da e-con-full e-flex e-con e-child\" data-id=\"a7224da\" data-element_type=\"container\" data-e-type=\"container\">\n\t\t\t\t<div class=\"elementor-element elementor-element-20d072c elementor-widget elementor-widget-button\" data-id=\"20d072c\" data-element_type=\"widget\" data-e-type=\"widget\" data-widget_type=\"button.default\">\n\t\t\t\t\t\t\t\t\t\t<a class=\"elementor-button elementor-button-link elementor-size-sm\" href=\"https:\/\/www.instagram.com\/drkraus.ch\/\" target=\"_blank\" rel=\"noopener\">\n\t\t\t\t\t\t<span class=\"elementor-button-content-wrapper\">\n\t\t\t\t\t\t<span class=\"elementor-button-icon\">\n\t\t\t\t<svg aria-hidden=\"true\" class=\"e-font-icon-svg e-fab-instagram\" viewBox=\"0 0 448 512\" xmlns=\"http:\/\/www.w3.org\/2000\/svg\"><path d=\"M224.1 141c-63.6 0-114.9 51.3-114.9 114.9s51.3 114.9 114.9 114.9S339 319.5 339 255.9 287.7 141 224.1 141zm0 189.6c-41.1 0-74.7-33.5-74.7-74.7s33.5-74.7 74.7-74.7 74.7 33.5 74.7 74.7-33.6 74.7-74.7 74.7zm146.4-194.3c0 14.9-12 26.8-26.8 26.8-14.9 0-26.8-12-26.8-26.8s12-26.8 26.8-26.8 26.8 12 26.8 26.8zm76.1 27.2c-1.7-35.9-9.9-67.7-36.2-93.9-26.2-26.2-58-34.4-93.9-36.2-37-2.1-147.9-2.1-184.9 0-35.8 1.7-67.6 9.9-93.9 36.1s-34.4 58-36.2 93.9c-2.1 37-2.1 147.9 0 184.9 1.7 35.9 9.9 67.7 36.2 93.9s58 34.4 93.9 36.2c37 2.1 147.9 2.1 184.9 0 35.9-1.7 67.7-9.9 93.9-36.2 26.2-26.2 34.4-58 36.2-93.9 2.1-37 2.1-147.8 0-184.8zM398.8 388c-7.8 19.6-22.9 34.7-42.6 42.6-29.5 11.7-99.5 9-132.1 9s-102.7 2.6-132.1-9c-19.6-7.8-34.7-22.9-42.6-42.6-11.7-29.5-9-99.5-9-132.1s-2.6-102.7 9-132.1c7.8-19.6 22.9-34.7 42.6-42.6 29.5-11.7 99.5-9 132.1-9s102.7-2.6 132.1 9c19.6 7.8 34.7 22.9 42.6 42.6 11.7 29.5 9 99.5 9 132.1s2.7 102.7-9 132.1z\"><\/path><\/svg>\t\t\t<\/span>\n\t\t\t\t\t\t\t\t\t<span class=\"elementor-button-text\">Seguici su Instagram \u2192<\/span>\n\t\t\t\t\t<\/span>\n\t\t\t\t\t<\/a>\n\t\t\t\t\t\t\t\t<\/div>\n\t\t\t\t<div class=\"elementor-element elementor-element-864af92 elementor-widget elementor-widget-button\" data-id=\"864af92\" data-element_type=\"widget\" data-e-type=\"widget\" data-widget_type=\"button.default\">\n\t\t\t\t\t\t\t\t\t\t<a class=\"elementor-button elementor-button-link elementor-size-sm\" href=\"https:\/\/wa.me\/41919226322\" target=\"_blank\" rel=\"noopener\">\n\t\t\t\t\t\t<span class=\"elementor-button-content-wrapper\">\n\t\t\t\t\t\t<span class=\"elementor-button-icon\">\n\t\t\t\t<svg aria-hidden=\"true\" class=\"e-font-icon-svg e-fab-whatsapp\" viewBox=\"0 0 448 512\" xmlns=\"http:\/\/www.w3.org\/2000\/svg\"><path d=\"M380.9 97.1C339 55.1 283.2 32 223.9 32c-122.4 0-222 99.6-222 222 0 39.1 10.2 77.3 29.6 111L0 480l117.7-30.9c32.4 17.7 68.9 27 106.1 27h.1c122.3 0 224.1-99.6 224.1-222 0-59.3-25.2-115-67.1-157zm-157 341.6c-33.2 0-65.7-8.9-94-25.7l-6.7-4-69.8 18.3L72 359.2l-4.4-7c-18.5-29.4-28.2-63.3-28.2-98.2 0-101.7 82.8-184.5 184.6-184.5 49.3 0 95.6 19.2 130.4 54.1 34.8 34.9 56.2 81.2 56.1 130.5 0 101.8-84.9 184.6-186.6 184.6zm101.2-138.2c-5.5-2.8-32.8-16.2-37.9-18-5.1-1.9-8.8-2.8-12.5 2.8-3.7 5.6-14.3 18-17.6 21.8-3.2 3.7-6.5 4.2-12 1.4-32.6-16.3-54-29.1-75.5-66-5.7-9.8 5.7-9.1 16.3-30.3 1.8-3.7.9-6.9-.5-9.7-1.4-2.8-12.5-30.1-17.1-41.2-4.5-10.8-9.1-9.3-12.5-9.5-3.2-.2-6.9-.2-10.6-.2-3.7 0-9.7 1.4-14.8 6.9-5.1 5.6-19.4 19-19.4 46.3 0 27.3 19.9 53.7 22.6 57.4 2.8 3.7 39.1 59.7 94.8 83.8 35.2 15.2 49 16.5 66.6 13.9 10.7-1.6 32.8-13.4 37.4-26.4 4.6-13 4.6-24.1 3.2-26.4-1.3-2.5-5-3.9-10.5-6.6z\"><\/path><\/svg>\t\t\t<\/span>\n\t\t\t\t\t\t\t\t\t<span class=\"elementor-button-text\">Fissa il tuo appuntamento su WhatsApp \u2192<\/span>\n\t\t\t\t\t<\/span>\n\t\t\t\t\t<\/a>\n\t\t\t\t\t\t\t\t<\/div>\n\t\t\t\t<\/div>\n\t\t\t\t<\/div>\n\t\t\t\t<\/div>\n\t\t\t\t\t<\/div>\n\t\t\t\t<\/div>\n\t\t<div class=\"elementor-element elementor-element-02a546f e-con-full e-flex e-con e-parent\" data-id=\"02a546f\" data-element_type=\"container\" data-e-type=\"container\">\n\t\t\t\t<div class=\"elementor-element elementor-element-79e7741 elementor-widget elementor-widget-google_maps\" data-id=\"79e7741\" data-element_type=\"widget\" data-e-type=\"widget\" data-widget_type=\"google_maps.default\">\n\t\t\t\t\t\t\t<div class=\"elementor-custom-embed\">\n\t\t\t<iframe loading=\"lazy\"\n\t\t\t\t\tsrc=\"https:\/\/maps.google.com\/maps?q=via%20lucchini%206%20lugano&#038;t=m&#038;z=14&#038;output=embed&#038;iwloc=near\"\n\t\t\t\t\ttitle=\"via lucchini 6 lugano\"\n\t\t\t\t\taria-label=\"via lucchini 6 lugano\"\n\t\t\t><\/iframe>\n\t\t<\/div>\n\t\t\t\t\t\t<\/div>\n\t\t\t\t<\/div>\n\t\t<div class=\"elementor-element elementor-element-1529b79 e-flex e-con-boxed e-con e-parent\" data-id=\"1529b79\" data-element_type=\"container\" data-e-type=\"container\" id=\"urgenze\" data-settings=\"{&quot;background_background&quot;:&quot;classic&quot;}\">\n\t\t\t\t\t<div class=\"e-con-inner\">\n\t\t\t\t<div class=\"elementor-element elementor-element-d412b56 elementor-widget elementor-widget-heading\" data-id=\"d412b56\" data-element_type=\"widget\" data-e-type=\"widget\" data-widget_type=\"heading.default\">\n\t\t\t\t\t<h2 class=\"elementor-heading-title elementor-size-default\">Urgenze<\/h2>\t\t\t\t<\/div>\n\t\t\t\t<div class=\"elementor-element elementor-element-b080ad7 elementor-widget elementor-widget-text-editor\" data-id=\"b080ad7\" data-element_type=\"widget\" data-e-type=\"widget\" data-widget_type=\"text-editor.default\">\n\t\t\t\t\t\t\t\t\t<p>In caso di un\u2019urgenza dentaria ha le seguenti possibilit\u00e0:<\/p><ul><li><p>Prenotare un appuntamento\u00a0<span style=\"text-decoration: underline;\"><a href=\"https:\/\/booking.denteo.ch\/it\/c3e5c4d694f8286a6aa32d9cae265e4e\" target=\"_blank\" rel=\"noopener\">online<\/a><\/span>. Consideri tuttavia, che le possibilit\u00e0 di trovare un appuntamento a breve termine sono ridotte.\u00a0<\/p><\/li><li><p>Per ottenere un appuntamento il pi\u00f9 rapidamente possibile, consigliamo di contattarci telefonicamente al numero\u00a0<span style=\"text-decoration: underline;\"><a href=\"tel:+41%20(0)91%20922%2063%2022\">+41 (0)91 922 63 22<\/a><\/span><\/p><\/li><li><p>Al di fuori degli orari d&#8217;apertura pu\u00f2 inviarci un messaggio\u00a0<span style=\"text-decoration: underline;\"><a href=\"https:\/\/wa.me\/41919226322\" target=\"_blank\" rel=\"noopener\">WhatsApp<\/a><\/span>\u00a0al numero\u00a0<span style=\"text-decoration: underline;\"><a href=\"https:\/\/wa.me\/41919226322\" target=\"_blank\" rel=\"noopener\">+41 (0)91 922 63 22<\/a><\/span><\/p><\/li><\/ul>\t\t\t\t\t\t\t\t<\/div>\n\t\t\t\t\t<\/div>\n\t\t\t\t<\/div>\n\t\t<div class=\"elementor-element elementor-element-31ffff3 e-flex e-con-boxed e-con e-parent\" data-id=\"31ffff3\" data-element_type=\"container\" data-e-type=\"container\" id=\"riferire-paziente\">\n\t\t\t\t\t<div class=\"e-con-inner\">\n\t\t\t\t<div class=\"elementor-element elementor-element-5f31819 elementor-widget elementor-widget-heading\" data-id=\"5f31819\" data-element_type=\"widget\" data-e-type=\"widget\" data-widget_type=\"heading.default\">\n\t\t\t\t\t<h2 class=\"elementor-heading-title elementor-size-default\">Riferire un paziente<\/h2>\t\t\t\t<\/div>\n\t\t<div class=\"elementor-element elementor-element-6f9c020 e-con-full e-flex e-con e-child\" data-id=\"6f9c020\" data-element_type=\"container\" data-e-type=\"container\">\n\t\t<div class=\"elementor-element elementor-element-b41c430 e-con-full e-flex e-con e-child\" data-id=\"b41c430\" data-element_type=\"container\" data-e-type=\"container\">\n\t\t\t\t<div class=\"elementor-element elementor-element-c488ce3 elementor-widget elementor-widget-heading\" data-id=\"c488ce3\" data-element_type=\"widget\" data-e-type=\"widget\" data-widget_type=\"heading.default\">\n\t\t\t\t\t<p class=\"elementor-heading-title elementor-size-default\">Per dentisti<\/p>\t\t\t\t<\/div>\n\t\t\t\t<div class=\"elementor-element elementor-element-b8a0447 elementor-widget elementor-widget-text-editor\" data-id=\"b8a0447\" data-element_type=\"widget\" data-e-type=\"widget\" data-widget_type=\"text-editor.default\">\n\t\t\t\t\t\t\t\t\t<p>Accogliamo volentieri i vostri pazienti, per eseguire una riabilitazione protesica complessa, un trattamento chirurgico, una terapia implantare o anche solo per una radiografia.<\/p><p>Ce ne prenderemo la massima cura e invieremo regolarmente degli aggiornamenti sullo stato del trattamento. Una volta completata la terapia, il paziente sar\u00e0 sempre e comunque rinviato insieme ad un rapporto finale.<\/p>\t\t\t\t\t\t\t\t<\/div>\n\t\t\t\t<div class=\"elementor-element elementor-element-b380f16 elementor-align-left elementor-widget elementor-widget-button\" data-id=\"b380f16\" data-element_type=\"widget\" data-e-type=\"widget\" data-widget_type=\"button.default\">\n\t\t\t\t\t\t\t\t\t\t<a class=\"elementor-button elementor-button-link elementor-size-sm\" href=\"http:\/\/www.drkraus.ch\/wp-content\/uploads\/2025\/09\/riferire_un_paziente.pdf\" target=\"_blank\">\n\t\t\t\t\t\t<span class=\"elementor-button-content-wrapper\">\n\t\t\t\t\t\t\t\t\t<span class=\"elementor-button-text\">Formulario (PDF)<\/span>\n\t\t\t\t\t<\/span>\n\t\t\t\t\t<\/a>\n\t\t\t\t\t\t\t\t<\/div>\n\t\t\t\t<\/div>\n\t\t<div class=\"elementor-element elementor-element-875e412 e-con-full e-flex e-con e-child\" data-id=\"875e412\" data-element_type=\"container\" data-e-type=\"container\">\n\t\t\t\t<div class=\"elementor-element elementor-element-0eddba5 elementor-widget elementor-widget-heading\" data-id=\"0eddba5\" data-element_type=\"widget\" data-e-type=\"widget\" data-widget_type=\"heading.default\">\n\t\t\t\t\t<p class=\"elementor-heading-title elementor-size-default\">Per pazienti riferiti dal proprio dentista\n<\/p>\t\t\t\t<\/div>\n\t\t\t\t<div class=\"elementor-element elementor-element-4392779 elementor-widget elementor-widget-text-editor\" data-id=\"4392779\" data-element_type=\"widget\" data-e-type=\"widget\" data-widget_type=\"text-editor.default\">\n\t\t\t\t\t\t\t\t\t<p>Dopo aver ricevuto il modulo compilato dal suo dentista, provvederemo a contattarla per organizzare un esame iniziale e una prima consultazione.<\/p><p>Al termine della terapia, verr\u00e0 in ogni caso reindirizzata\/o verso il suo dentista di fiducia.<\/p>\t\t\t\t\t\t\t\t<\/div>\n\t\t\t\t<\/div>\n\t\t\t\t<\/div>\n\t\t\t\t\t<\/div>\n\t\t\t\t<\/div>\n\t\t\t\t<\/div>\n\t\t","protected":false},"excerpt":{"rendered":"<p>Dr. Kraus Studio dentistico polispecialistico T +41 (0)91 922 63 22 Urgenze \u2192 Contatto Dr. Kraus Studio dentistico polispecialistico Via Lucchini 6 6900 Lugano Mappa \u2192 T +41 (0)91 922 63 22 info@drkraus.ch Prenotazione online \u2192 Orari d&#8217;apertura:Luned\u00ec, Mecoled\u00ec, Venerd\u00ec: 08:00 &#8211; 17:30Marted\u00ec: 08:00 &#8211; 19:00Gioved\u00ec: 07:30 &#8211; 17:30 Rispondiamo alle vostre chiamate dalle\u00a08:00 alle [&hellip;]<\/p>\n","protected":false},"author":1,"featured_media":0,"parent":0,"menu_order":0,"comment_status":"closed","ping_status":"closed","template":"","meta":{"footnotes":""},"class_list":["post-147","page","type-page","status-publish","hentry"],"_links":{"self":[{"href":"https:\/\/www.drkraus.ch\/it\/wp-json\/wp\/v2\/pages\/147","targetHints":{"allow":["GET"]}}],"collection":[{"href":"https:\/\/www.drkraus.ch\/it\/wp-json\/wp\/v2\/pages"}],"about":[{"href":"https:\/\/www.drkraus.ch\/it\/wp-json\/wp\/v2\/types\/page"}],"author":[{"embeddable":true,"href":"https:\/\/www.drkraus.ch\/it\/wp-json\/wp\/v2\/users\/1"}],"replies":[{"embeddable":true,"href":"https:\/\/www.drkraus.ch\/it\/wp-json\/wp\/v2\/comments?post=147"}],"version-history":[{"count":40,"href":"https:\/\/www.drkraus.ch\/it\/wp-json\/wp\/v2\/pages\/147\/revisions"}],"predecessor-version":[{"id":868,"href":"https:\/\/www.drkraus.ch\/it\/wp-json\/wp\/v2\/pages\/147\/revisions\/868"}],"wp:attachment":[{"href":"https:\/\/www.drkraus.ch\/it\/wp-json\/wp\/v2\/media?parent=147"}],"curies":[{"name":"wp","href":"https:\/\/api.w.org\/{rel}","templated":true}]}}